{"id":8310,"date":"2020-11-10T18:25:55","date_gmt":"2020-11-10T18:25:55","guid":{"rendered":"https:\/\/metaforsmmm.com\/ekibimiz\/"},"modified":"2022-10-18T17:56:39","modified_gmt":"2022-10-18T14:56:39","slug":"%d8%aa%d8%b9%d9%84%d9%8a%d9%82%d8%a7%d8%aa-%d8%a7%d9%84%d8%b2%d8%a8%d8%a7%d8%a6%d9%86","status":"publish","type":"page","link":"https:\/\/metaforsmmm.com\/ar\/%d9%81%d8%b1%d9%8a%d9%82%d9%86%d8%a7\/%d8%aa%d8%b9%d9%84%d9%8a%d9%82%d8%a7%d8%aa-%d8%a7%d9%84%d8%b2%d8%a8%d8%a7%d8%a6%d9%86\/","title":{"rendered":"\u062a\u0639\u0644\u064a\u0642\u0627\u062a \u0627\u0644\u0632\u0628\u0627\u0626\u0646"},"content":{"rendered":"\t\t<div data-elementor-type=\"wp-page\" data-elementor-id=\"8310\" class=\"elementor elementor-8310 elementor-137\" data-elementor-settings=\"{&quot;ha_cmc_init_switcher&quot;:&quot;no&quot;}\">\n\t\t\t\t        <section class=\"elementor-section elementor-top-section elementor-element elementor-element-67b9a52a elementor-section-boxed elementor-section-height-default elementor-section-height-default\" data-id=\"67b9a52a\" data-element_type=\"section\" data-settings=\"{&quot;_ha_eqh_enable&quot;:false}\">\n            \n                        <div class=\"elementor-container elementor-column-gap-extended \">\n                    <div class=\"elementor-column elementor-col-100 elementor-top-column elementor-element elementor-element-22f9f280\" data-id=\"22f9f280\" data-element_type=\"column\">\n        <div class=\"elementor-widget-wrap elementor-element-populated\">\n                    \n        \t\t<div class=\"elementor-element elementor-element-73c0217 elementor-widget elementor-widget-ct_team_grid\" data-id=\"73c0217\" data-element_type=\"widget\" data-widget_type=\"ct_team_grid.default\">\n\t\t\t\t<div class=\"elementor-widget-container\">\n\t\t\t\t\t    <div class=\"ct-grid ct-team ct-team-grid1\">\r\n        <div class=\"ct-grid-inner ct-grid-masonry row animate-time\" data-gutter=\"7\">\r\n                            <div class=\"grid-item col-xl-4 col-lg-4 col-md-6 col-sm-6 col-12\">\r\n                    <div class=\"item--inner wow fadeInUp\" data-wow-duration=\"1.2s\">\r\n                    \t                            <div class=\"item--image\">\r\n                                <img fetchpriority=\"high\" decoding=\"async\" width=\"442\" height=\"541\" src=\"https:\/\/metaforsmmm.com\/wp-content\/uploads\/2021\/05\/neden-metafor.jpg\" class=\"no-lazyload attachment-full\" alt=\"\" \/>                            <\/div>\r\n                                                <div class=\"item--holder\">\r\n                            <div class=\"item--meta\">\r\n                                <h3 class=\"item--title\">    \r\n                                    AL\u0130 RUH\u0130 \u015eENT\u00dcRK                                <\/h3>\r\n                                <div class=\"item--position\">SERBEST MUHASEBEC\u0130 MAL\u0130 M\u00dc\u015eAV\u0130R<\/div>\r\n                            <\/div>\r\n                            <div class=\"item--social\">\r\n                                                                                                                                <\/div>\r\n                        <\/div>\r\n                        <div class=\"item--holder item--holder-end\">\r\n                            <div class=\"item--meta\">\r\n                                <h3 class=\"item--title\">    \r\n                                    AL\u0130 RUH\u0130 \u015eENT\u00dcRK                                <\/h3>\r\n                                <div class=\"item--position\">SERBEST MUHASEBEC\u0130 MAL\u0130 M\u00dc\u015eAV\u0130R<\/div>\r\n                            <\/div>\r\n                            <div class=\"item--description\"><\/div>\r\n                            <div class=\"item--social\">\r\n                                                                                                                                <\/div>\r\n                        <\/div>\r\n                   <\/div>\r\n                <\/div>\r\n                            <div class=\"grid-item col-xl-4 col-lg-4 col-md-6 col-sm-6 col-12\">\r\n                    <div class=\"item--inner wow fadeInUp\" data-wow-duration=\"1.2s\">\r\n                    \t                            <div class=\"item--image\">\r\n                                <img fetchpriority=\"high\" decoding=\"async\" width=\"442\" height=\"541\" src=\"https:\/\/metaforsmmm.com\/wp-content\/uploads\/2021\/05\/neden-metafor.jpg\" class=\"no-lazyload attachment-full\" alt=\"\" \/>                            <\/div>\r\n                                                <div class=\"item--holder\">\r\n                            <div class=\"item--meta\">\r\n                                <h3 class=\"item--title\">    \r\n                                    F\u0130L\u0130Z \u015eENT\u00dcRK                                <\/h3>\r\n                                <div class=\"item--position\">SERBEST MUHASEBEC\u0130 MAL\u0130 M\u00dc\u015eAV\u0130R<\/div>\r\n                            <\/div>\r\n                            <div class=\"item--social\">\r\n                                                                                                                                <\/div>\r\n                        <\/div>\r\n                        <div class=\"item--holder item--holder-end\">\r\n                            <div class=\"item--meta\">\r\n                                <h3 class=\"item--title\">    \r\n                                    F\u0130L\u0130Z \u015eENT\u00dcRK                                <\/h3>\r\n                                <div class=\"item--position\">SERBEST MUHASEBEC\u0130 MAL\u0130 M\u00dc\u015eAV\u0130R<\/div>\r\n                            <\/div>\r\n                            <div class=\"item--description\"><\/div>\r\n                            <div class=\"item--social\">\r\n                                                                                                                                <\/div>\r\n                        <\/div>\r\n                   <\/div>\r\n                <\/div>\r\n                        <div class=\"grid-sizer col-xl-4 col-lg-4 col-md-6 col-sm-6 col-12\"><\/div>\r\n        <\/div>\r\n    <\/div>\r\n\t\t\t\t<\/div>\n\t\t\t\t<\/div>\n\t\t            <\/div>\n        <\/div>\n                    <\/div>\n        <\/section>\n        \t\t<\/div>\n\t\t","protected":false},"excerpt":{"rendered":"<p>AL\u0130 RUH\u0130 \u015eENT\u00dcRK SERBEST MUHASEBEC\u0130 MAL\u0130 M\u00dc\u015eAV\u0130R AL\u0130 RUH\u0130 \u015eENT\u00dcRK SERBEST MUHASEBEC\u0130 MAL\u0130 M\u00dc\u015eAV\u0130R F\u0130L\u0130Z \u015eENT\u00dcRK SERBEST MUHASEBEC\u0130 MAL\u0130 M\u00dc\u015eAV\u0130R F\u0130L\u0130Z \u015eENT\u00dcRK SERBEST MUHASEBEC\u0130 MAL\u0130 M\u00dc\u015eAV\u0130R<\/p>\n","protected":false},"author":1,"featured_media":0,"parent":8197,"menu_order":0,"comment_status":"closed","ping_status":"closed","template":"","meta":{"footnotes":""},"class_list":["post-8310","page","type-page","status-publish","hentry"],"_links":{"self":[{"href":"https:\/\/metaforsmmm.com\/ar\/wp-json\/wp\/v2\/pages\/8310","targetHints":{"allow":["GET"]}}],"collection":[{"href":"https:\/\/metaforsmmm.com\/ar\/wp-json\/wp\/v2\/pages"}],"about":[{"href":"https:\/\/metaforsmmm.com\/ar\/wp-json\/wp\/v2\/types\/page"}],"author":[{"embeddable":true,"href":"https:\/\/metaforsmmm.com\/ar\/wp-json\/wp\/v2\/users\/1"}],"replies":[{"embeddable":true,"href":"https:\/\/metaforsmmm.com\/ar\/wp-json\/wp\/v2\/comments?post=8310"}],"version-history":[{"count":0,"href":"https:\/\/metaforsmmm.com\/ar\/wp-json\/wp\/v2\/pages\/8310\/revisions"}],"up":[{"embeddable":true,"href":"https:\/\/metaforsmmm.com\/ar\/wp-json\/wp\/v2\/pages\/8197"}],"wp:attachment":[{"href":"https:\/\/metaforsmmm.com\/ar\/wp-json\/wp\/v2\/media?parent=8310"}],"curies":[{"name":"wp","href":"https:\/\/api.w.org\/{rel}","templated":true}]}}