{"id":8579,"date":"2022-10-18T19:55:44","date_gmt":"2022-10-18T16:55:44","guid":{"rendered":"https:\/\/metaforsmmm.com\/%d8%ae%d8%af%d9%85%d8%a7%d8%aa-%d8%a7%d9%84%d8%a7%d8%b3%d8%aa%d8%b4%d8%a7%d8%b1%d8%a7%d8%aa-%d8%a7%d9%84%d9%85%d8%a7%d9%84%d9%8a%d8%a9\/sirket-acilisi-islemleri\/"},"modified":"2022-10-20T23:46:49","modified_gmt":"2022-10-20T20:46:49","slug":"%d8%a7%d9%84%d8%a7%d8%b3%d8%aa%d8%b4%d8%a7%d8%b1%d8%a7%d8%aa-%d8%a7%d9%84%d8%b6%d8%b1%d9%8a%d8%a8%d9%8a%d8%a9","status":"publish","type":"page","link":"https:\/\/metaforsmmm.com\/ar\/%d8%ae%d8%af%d9%85%d8%a7%d8%aa-%d8%a7%d9%84%d8%a7%d8%b3%d8%aa%d8%b4%d8%a7%d8%b1%d8%a7%d8%aa-%d8%a7%d9%84%d9%85%d8%a7%d9%84%d9%8a%d8%a9\/%d8%a7%d9%84%d8%a7%d8%b3%d8%aa%d8%b4%d8%a7%d8%b1%d8%a7%d8%aa-%d8%a7%d9%84%d8%b6%d8%b1%d9%8a%d8%a8%d9%8a%d8%a9\/","title":{"rendered":"\u0627\u0644\u0627\u0633\u062a\u0634\u0627\u0631\u0627\u062a \u0627\u0644\u0636\u0631\u064a\u0628\u064a\u0629"},"content":{"rendered":"\t\t<div data-elementor-type=\"wp-page\" data-elementor-id=\"8579\" class=\"elementor elementor-8579 elementor-8425\" data-elementor-settings=\"{&quot;ha_cmc_init_switcher&quot;:&quot;no&quot;}\">\n\t\t\t\t        <section class=\"elementor-section elementor-top-section elementor-element elementor-element-4d2512c1 elementor-section-stretched section-align-top single-service-section elementor-section-boxed elementor-section-height-default elementor-section-height-default\" data-id=\"4d2512c1\" data-element_type=\"section\" data-settings=\"{&quot;stretch_section&quot;:&quot;section-stretched&quot;,&quot;background_background&quot;:&quot;classic&quot;,&quot;_ha_eqh_enable&quot;:false}\">\n            \n                        <div class=\"elementor-container elementor-column-gap-extended \">\n                    <div class=\"elementor-column elementor-col-66 elementor-top-column elementor-element elementor-element-6ce9e78a\" data-id=\"6ce9e78a\" data-element_type=\"column\" data-settings=\"{&quot;background_background&quot;:&quot;classic&quot;}\">\n        <div class=\"elementor-widget-wrap elementor-element-populated\">\n                    \n        \t\t<div class=\"elementor-element elementor-element-30b824da elementor-widget elementor-widget-heading\" data-id=\"30b824da\" data-element_type=\"widget\" data-widget_type=\"heading.default\">\n\t\t\t\t<div class=\"elementor-widget-container\">\n\t\t\t\t\t<h2 class=\"elementor-heading-title elementor-size-default\">T\u00fcrkiye'de \u015eirket A\u00e7ma Maliyeti<\/h2>\t\t\t\t<\/div>\n\t\t\t\t<\/div>\n\t\t\t\t<div class=\"elementor-element elementor-element-37666b0 elementor-widget elementor-widget-ct_text_editor\" data-id=\"37666b0\" data-element_type=\"widget\" data-widget_type=\"ct_text_editor.default\">\n\t\t\t\t<div class=\"elementor-widget-container\">\n\t\t\t\t\t<div id=\"ct_text_editor-37666b0\" class=\"ct-text-editor \" data-wow-delay=\"ms\">\n\t<div class=\"ct-inline-css\"  data-css=\"\n        \t\t\">\n\n    <\/div>\n\t<div class=\"ct-text-editor elementor-clearfix\">\n\t\t<p><strong>\u015eAHIS \u015e\u0130RKET\u0130 A\u00c7ILI\u015eI \u0130\u00c7\u0130N GEREKL\u0130 EVRAKLAR<\/strong><\/p><ol><li>Kimli\u011finiz \u00f6n y\u00fcz\u00fcn\u00fcn foto\u011fraf\u0131<\/li><li>Faaliyetinizi yapaca\u011f\u0131n\u0131z i\u015fyeri adresi size ait ise Tapu<\/li><li>Faaliyetinizi yapaca\u011f\u0131n\u0131z i\u015fyeri adresi kiral\u0131k ise Kira S\u00f6zle\u015fmesi<\/li><li>\u0130\u015finizi arac\u0131n\u0131zla yap\u0131yorsan\u0131z Ara\u00e7 Ruhsat\u0131 ile birlikte;<\/li><li>Arac\u0131n\u0131z size ait ve s\u0131f\u0131r bir ara\u00e7 ise Ara\u00e7 Faturas\u0131,\u00a0<br \/>2. el bir ara\u00e7 ise Noter Sat\u0131\u015f S\u00f6zle\u015fmesi,\u00a0<br \/>Kiral\u0131k ise; Kira S\u00f6zle\u015fmesi<\/li><\/ol><p><strong>\u015eAHIS \u015e\u0130RKET\u0130 KURULU\u015e MAL\u0130YET\u0130 ( ORTALAMA )<\/strong><\/p><ol><li>\u015eah\u0131s imza beyannamesi (Noter) 100 TL<\/li><li>Mali M\u00fc\u015favir Vekaleti (Noter) 148 TL<\/li><li>\u015eirket Kurulu\u015f Servis Bedeli: 250 TL<\/li><li>Vergi Dairesi S\u00f6zle\u015fme Damga Vergileri: 50 TL<\/li><li>Toplam \u015fah\u0131s \u015firketi kurma maliyet: 550 TL<\/li><\/ol><p><strong>\u015eAHIS \u015e\u0130RKET\u0130 D\u00d6NEMSEL STANDART G\u0130DERLER\u0130<\/strong><\/p><ol><li>Her ay KDV beyannamesi (58,80 TL damga vergisi)<\/li><li>3 ayda bir muhtasar beyannamesi (58,80 TL damga vergisi)<\/li><li>3 ayda bir gelir ge\u00e7ici beyannamesi (91,70 TL damga vergisi)<\/li><li>Y\u0131ll\u0131k gelir vergisi beyannamesi (122 TL damga vergisi)<\/li><li>Mali M\u00fc\u015favir \u00dccreti<\/li><\/ol>\t\t\n\t<\/div>\n<\/div>\t\t\t\t<\/div>\n\t\t\t\t<\/div>\n\t\t            <\/div>\n        <\/div>\n                <div class=\"elementor-column elementor-col-33 elementor-top-column elementor-element elementor-element-707d6b5d column-sticky\" data-id=\"707d6b5d\" data-element_type=\"column\" data-settings=\"{&quot;background_background&quot;:&quot;classic&quot;}\">\n        <div class=\"elementor-widget-wrap elementor-element-populated\">\n                    \n                <section class=\"elementor-section elementor-inner-section elementor-element elementor-element-1387f938 elementor-section-boxed elementor-section-height-default elementor-section-height-default\" data-id=\"1387f938\" data-element_type=\"section\" data-settings=\"{&quot;_ha_eqh_enable&quot;:false}\">\n            \n                        <div class=\"elementor-container elementor-column-gap-extended \">\n                    <div class=\"elementor-column elementor-col-100 elementor-inner-column elementor-element elementor-element-2ac5ac11\" data-id=\"2ac5ac11\" data-element_type=\"column\" data-settings=\"{&quot;background_background&quot;:&quot;classic&quot;}\">\n        <div class=\"elementor-widget-wrap elementor-element-populated\">\n                    \n        \t\t<div class=\"elementor-element elementor-element-6d868842 elementor-widget elementor-widget-ct_navigation_menu\" data-id=\"6d868842\" data-element_type=\"widget\" data-widget_type=\"ct_navigation_menu.default\">\n\t\t\t\t<div class=\"elementor-widget-container\">\n\t\t\t\t\t    <div id=\"ct_navigation_menu-6d868842\" class=\"ct-navigation-menu1 default\">\r\n        <div class=\"menu-hizmet-menu-arapca-container\"><ul id=\"menu-hizmet-menu-arapca\" class=\"menu\"><li id=\"menu-item-8814\" class=\"menu-item menu-item-type-post_type menu-item-object-page menu-item-8814\"><a href=\"https:\/\/metaforsmmm.com\/ar\/%d8%ae%d8%af%d9%85%d8%a7%d8%aa-%d8%a7%d9%84%d8%a7%d8%b3%d8%aa%d8%b4%d8%a7%d8%b1%d8%a7%d8%aa-%d8%a7%d9%84%d9%85%d8%a7%d9%84%d9%8a%d8%a9\/%d8%a7%d9%84%d8%a7%d8%b3%d8%aa%d8%b4%d8%a7%d8%b1%d8%a7%d8%aa-%d8%a7%d9%84%d8%b6%d8%b1%d9%8a%d8%a8%d9%8a%d8%a9\/\"><span>\u0627\u0644\u0627\u0633\u062a\u0634\u0627\u0631\u0627\u062a \u0627\u0644\u0636\u0631\u064a\u0628\u064a\u0629<\/span><\/a><\/li>\n<li id=\"menu-item-8815\" class=\"menu-item menu-item-type-post_type menu-item-object-page menu-item-8815\"><a href=\"https:\/\/metaforsmmm.com\/ar\/%d8%ae%d8%af%d9%85%d8%a7%d8%aa-%d8%a7%d9%84%d8%a7%d8%b3%d8%aa%d8%b4%d8%a7%d8%b1%d8%a7%d8%aa-%d8%a7%d9%84%d9%85%d8%a7%d9%84%d9%8a%d8%a9\/%d8%a7%d9%84%d8%aa%d8%b1%d8%ae%d9%8a%d8%b5-%d9%88%d8%a7%d9%84%d8%a3%d8%b0%d9%88%d9%86%d8%a7%d8%aa\/\"><span>\u0627\u0644\u062a\u0631\u062e\u064a\u0635 \u0648\u0627\u0644\u0623\u0630\u0648\u0646\u0627\u062a<\/span><\/a><\/li>\n<li id=\"menu-item-8816\" class=\"menu-item menu-item-type-post_type menu-item-object-page menu-item-8816\"><a href=\"https:\/\/metaforsmmm.com\/ar\/%d8%ae%d8%af%d9%85%d8%a7%d8%aa-%d8%a7%d9%84%d8%a7%d8%b3%d8%aa%d8%b4%d8%a7%d8%b1%d8%a7%d8%aa-%d8%a7%d9%84%d9%85%d8%a7%d9%84%d9%8a%d8%a9\/%d8%a7%d9%84%d8%ad%d9%88%d8%a7%d9%81%d8%b2\/\"><span>\u0627\u0644\u062d\u0648\u0627\u0641\u0632<\/span><\/a><\/li>\n<li id=\"menu-item-8817\" class=\"menu-item menu-item-type-post_type menu-item-object-page menu-item-8817\"><a href=\"https:\/\/metaforsmmm.com\/ar\/%d8%ae%d8%af%d9%85%d8%a7%d8%aa-%d8%a7%d9%84%d8%a7%d8%b3%d8%aa%d8%b4%d8%a7%d8%b1%d8%a7%d8%aa-%d8%a7%d9%84%d9%85%d8%a7%d9%84%d9%8a%d8%a9\/%d8%a7%d9%84%d8%b6%d8%b1%d8%a7%d8%a6%d8%a8-%d8%a7%d9%84%d8%b1%d9%82%d9%85%d9%8a%d8%a9\/\"><span>\u0627\u0644\u0636\u0631\u0627\u0626\u0628 \u0627\u0644\u0631\u0642\u0645\u064a\u0629<\/span><\/a><\/li>\n<li id=\"menu-item-8818\" class=\"menu-item menu-item-type-post_type menu-item-object-page menu-item-8818\"><a href=\"https:\/\/metaforsmmm.com\/ar\/%d8%ae%d8%af%d9%85%d8%a7%d8%aa-%d8%a7%d9%84%d8%a7%d8%b3%d8%aa%d8%b4%d8%a7%d8%b1%d8%a7%d8%aa-%d8%a7%d9%84%d9%85%d8%a7%d9%84%d9%8a%d8%a9\/%d8%a7%d9%84%d9%82%d9%88%d8%a7%d8%b9%d8%af-%d8%a7%d9%84%d8%a3%d8%ae%d9%84%d8%a7%d9%82%d9%8a%d8%a9-%d9%81%d9%8a-%d8%a7%d9%84%d8%b9%d9%85%d9%84\/\"><span>\u0627\u0644\u0642\u0648\u0627\u0639\u062f \u0627\u0644\u0623\u062e\u0644\u0627\u0642\u064a\u0629 \u0641\u064a \u0627\u0644\u0639\u0645\u0644<\/span><\/a><\/li>\n<li id=\"menu-item-8819\" class=\"menu-item menu-item-type-post_type menu-item-object-page menu-item-8819\"><a href=\"https:\/\/metaforsmmm.com\/ar\/%d8%ae%d8%af%d9%85%d8%a7%d8%aa-%d8%a7%d9%84%d8%a7%d8%b3%d8%aa%d8%b4%d8%a7%d8%b1%d8%a7%d8%aa-%d8%a7%d9%84%d9%85%d8%a7%d9%84%d9%8a%d8%a9\/%d8%aa%d8%ac%d8%a7%d8%b1%d8%a9-%d8%a7%d9%84%d8%aa%d8%b1%d8%a7%d9%86%d8%b2%d9%8a%d8%aa-%d9%88%d8%a7%d9%84%d8%b5%d8%a7%d8%af%d8%b1%d8%a7%d8%aa-%d8%a7%d9%84%d8%b5%d8%ba%d9%8a%d8%b1%d8%a9\/\"><span>\u062a\u062c\u0627\u0631\u0629 \u0627\u0644\u062a\u0631\u0627\u0646\u0632\u064a\u062a \u0648\u0627\u0644\u0635\u0627\u062f\u0631\u0627\u062a \u0627\u0644\u0635\u063a\u064a\u0631\u0629<\/span><\/a><\/li>\n<li id=\"menu-item-8820\" class=\"menu-item menu-item-type-post_type menu-item-object-page menu-item-8820\"><a href=\"https:\/\/metaforsmmm.com\/ar\/%d8%ae%d8%af%d9%85%d8%a7%d8%aa-%d8%a7%d9%84%d8%a7%d8%b3%d8%aa%d8%b4%d8%a7%d8%b1%d8%a7%d8%aa-%d8%a7%d9%84%d9%85%d8%a7%d9%84%d9%8a%d8%a9\/%d8%aa%d8%b5%d8%af%d9%8a%d8%b1-%d9%85%d8%a7%d9%8a%d9%83%d8%b1%d9%88\/\"><span>\u062a\u0635\u062f\u064a\u0631 \u0645\u0627\u064a\u0643\u0631\u0648<\/span><\/a><\/li>\n<li id=\"menu-item-8821\" class=\"menu-item menu-item-type-post_type menu-item-object-page menu-item-8821\"><a href=\"https:\/\/metaforsmmm.com\/ar\/%d8%ae%d8%af%d9%85%d8%a7%d8%aa-%d8%a7%d9%84%d8%a7%d8%b3%d8%aa%d8%b4%d8%a7%d8%b1%d8%a7%d8%aa-%d8%a7%d9%84%d9%85%d8%a7%d9%84%d9%8a%d8%a9\/%d8%ae%d8%af%d9%85%d8%a7%d8%aa-%d8%a7%d9%84%d8%aa%d8%ad%d9%88%d9%84-%d8%a7%d9%84%d8%b1%d9%82%d9%85%d9%8a\/\"><span>\u062e\u062f\u0645\u0627\u062a \u0627\u0644\u062a\u062d\u0648\u0644 \u0627\u0644\u0631\u0642\u0645\u064a<\/span><\/a><\/li>\n<li id=\"menu-item-8822\" class=\"menu-item menu-item-type-post_type menu-item-object-page menu-item-8822\"><a href=\"https:\/\/metaforsmmm.com\/ar\/%d8%ae%d8%af%d9%85%d8%a7%d8%aa-%d8%a7%d9%84%d8%a7%d8%b3%d8%aa%d8%b4%d8%a7%d8%b1%d8%a7%d8%aa-%d8%a7%d9%84%d9%85%d8%a7%d9%84%d9%8a%d8%a9\/%d8%ae%d8%af%d9%85%d8%a7%d8%aa-%d8%a7%d9%84%d8%b6%d9%85%d8%a7%d9%86-%d8%a7%d9%84%d8%a7%d8%ac%d8%aa%d9%85%d8%a7%d8%b9%d9%8a-%d9%88-%d8%aa%d9%86%d8%b8%d9%8a%d9%85-%d9%83%d8%b4%d9%81-%d8%a7%d9%84%d8%b1\/\"><span>\u062e\u062f\u0645\u0627\u062a \u0627\u0644\u0636\u0645\u0627\u0646 \u0627\u0644\u0627\u062c\u062a\u0645\u0627\u0639\u064a \u0648 \u062a\u0646\u0638\u064a\u0645 \u0643\u0634\u0641 \u0627\u0644\u0631\u0648\u0627\u062a\u0628<\/span><\/a><\/li>\n<li id=\"menu-item-8823\" class=\"menu-item menu-item-type-post_type menu-item-object-page menu-item-8823\"><a href=\"https:\/\/metaforsmmm.com\/ar\/%d8%ae%d8%af%d9%85%d8%a7%d8%aa-%d8%a7%d9%84%d8%a7%d8%b3%d8%aa%d8%b4%d8%a7%d8%b1%d8%a7%d8%aa-%d8%a7%d9%84%d9%85%d8%a7%d9%84%d9%8a%d8%a9\/%d8%ae%d8%af%d9%85%d8%a7%d8%aa%d9%86%d8%a7-%d8%a7%d9%84%d9%85%d8%ad%d8%a7%d8%b3%d8%a8%d9%8a%d8%a9-%d9%88%d8%a7%d9%84%d8%a7%d8%b3%d8%aa%d8%b4%d8%a7%d8%b1%d8%a7%d8%aa-%d8%a7%d9%84%d9%85%d8%a7%d9%84\/\"><span>\u062e\u062f\u0645\u0627\u062a\u0646\u0627 \u0627\u0644\u0645\u062d\u0627\u0633\u0628\u064a\u0629 \u0648\u0627\u0644\u0627\u0633\u062a\u0634\u0627\u0631\u0627\u062a \u0627\u0644\u0645\u0627\u0644\u064a\u0629<\/span><\/a><\/li>\n<li id=\"menu-item-8824\" class=\"menu-item menu-item-type-post_type menu-item-object-page menu-item-8824\"><a href=\"https:\/\/metaforsmmm.com\/ar\/%d8%ae%d8%af%d9%85%d8%a7%d8%aa-%d8%a7%d9%84%d8%a7%d8%b3%d8%aa%d8%b4%d8%a7%d8%b1%d8%a7%d8%aa-%d8%a7%d9%84%d9%85%d8%a7%d9%84%d9%8a%d8%a9\/%d9%81%d8%aa%d8%ad-%d8%b4%d8%b1%d9%83%d8%a9-%d9%81%d9%8a-%d8%aa%d8%b1%d9%83%d9%8a%d8%a7\/\"><span>\u0641\u062a\u062d \u0634\u0631\u0643\u0629 \u0641\u064a \u062a\u0631\u0643\u064a\u0627<\/span><\/a><\/li>\n<\/ul><\/div>    <\/div>\r\n\t\t\t\t<\/div>\n\t\t\t\t<\/div>\n\t\t            <\/div>\n        <\/div>\n                    <\/div>\n        <\/section>\n                <section class=\"elementor-section elementor-inner-section elementor-element elementor-element-71b92130 elementor-section-boxed elementor-section-height-default elementor-section-height-default\" data-id=\"71b92130\" data-element_type=\"section\" data-settings=\"{&quot;background_background&quot;:&quot;classic&quot;,&quot;_ha_eqh_enable&quot;:false}\">\n                            <div class=\"elementor-background-overlay\"><\/div>\n                \n                        <div class=\"elementor-container elementor-column-gap-extended \">\n                    <div class=\"elementor-column elementor-col-100 elementor-inner-column elementor-element elementor-element-3020f63f\" data-id=\"3020f63f\" data-element_type=\"column\" data-settings=\"{&quot;background_background&quot;:&quot;classic&quot;}\">\n        <div class=\"elementor-widget-wrap elementor-element-populated\">\n                    <div class=\"elementor-background-overlay\"><\/div>\n                    \n        \t\t<div class=\"elementor-element elementor-element-1d565f03 elementor-widget elementor-widget-ct_heading\" data-id=\"1d565f03\" data-element_type=\"widget\" data-widget_type=\"ct_heading.default\">\n\t\t\t\t<div class=\"elementor-widget-container\">\n\t\t\t\t\t<div class=\"ct-heading h-align- item-st-line-right\">\r\n\t    <h3 class=\"item--title case-animate-time st-line-right \" data-wow-delay=\"ms\">\r\n        <span>\u0130leti\u015fim<\/span>    <\/h3>\r\n<\/div>\r\n\r\n\t\t\t\t<\/div>\n\t\t\t\t<\/div>\n\t\t\t\t<div class=\"elementor-element elementor-element-3fa7fb37 elementor-widget elementor-widget-ct_contact_info\" data-id=\"3fa7fb37\" data-element_type=\"widget\" data-widget_type=\"ct_contact_info.default\">\n\t\t\t\t<div class=\"elementor-widget-container\">\n\t\t\t\t\t    <div class=\"ct-inline-css\"  data-css=\"\r\n        \">\r\n    <\/div>\r\n    <ul id=\"ct_contact_info-3fa7fb37\" class=\"ct-contact-info ct-contact-info1 \" data-wow-duration=\"1.2s\">\r\n                    <li>\r\n            \t\t\t\t        <span class=\"ct-contact-icon\">\r\n\t\t                <i aria-hidden=\"true\" class=\"flaticon flaticon-locator\"><\/i>\t\t                \t\t\t        <\/span>\r\n\t\t\t                                    <span class=\"ct-contact-content\">\r\n            \t   Bat\u0131 Mh. Hatboyu Cd. No: 42\/82 <br>Pendik, \u0130stanbul - T\u00dcRK\u0130YE                <\/span>\r\n           <\/li>\r\n                    <li>\r\n            \t\t\t\t        <span class=\"ct-contact-icon\">\r\n\t\t                <i aria-hidden=\"true\" class=\"flaticon flaticon-email\"><\/i>\t\t                \t\t\t        <\/span>\r\n\t\t\t                                    <span class=\"ct-contact-content\">\r\n            \t   <a href=\"mailto:info@metaforsmmm.com\">info@metaforsmmm.com<\/a>                <\/span>\r\n           <\/li>\r\n                    <li>\r\n            \t\t\t\t        <span class=\"ct-contact-icon\">\r\n\t\t                <i aria-hidden=\"true\" class=\"flaticon flaticon-telephone\"><\/i>\t\t                \t\t\t        <\/span>\r\n\t\t\t                                    <span class=\"ct-contact-content\">\r\n            \t   <a href=\"tel:902167595513\">+90 216 759 55 13<\/a>                <\/span>\r\n           <\/li>\r\n                    <li>\r\n            \t\t\t\t        <span class=\"ct-contact-icon\">\r\n\t\t                <i aria-hidden=\"true\" class=\"fab fa-whatsapp-square\"><\/i>\t\t                \t\t\t        <\/span>\r\n\t\t\t                                    <span class=\"ct-contact-content\">\r\n            \t   <a href=\"https:\/\/api.whatsapp.com\/send?phone=905376560837\" target=\"_blank\">+90 537 656 08 37<\/a>                <\/span>\r\n           <\/li>\r\n                    <li>\r\n            \t\t\t\t        <span class=\"ct-contact-icon\">\r\n\t\t                <i aria-hidden=\"true\" class=\"flaticon flaticon-time\"><\/i>\t\t                \t\t\t        <\/span>\r\n\t\t\t                                    <span class=\"ct-contact-content\">\r\n            \t   Ptesi - Ctesi:  8:30 -  18:00<br\/>\n\nPazar: Kapal\u0131                <\/span>\r\n           <\/li>\r\n            <\/ul>\r\n\t\t\t\t<\/div>\n\t\t\t\t<\/div>\n\t\t            <\/div>\n        <\/div>\n                    <\/div>\n        <\/section>\n        \t\t<div class=\"elementor-element elementor-element-745d4d04 elementor-widget elementor-widget-ct_download\" data-id=\"745d4d04\" data-element_type=\"widget\" data-widget_type=\"ct_download.default\">\n\t\t\t\t<div class=\"elementor-widget-container\">\n\t\t\t\t\t    <div class=\"ct-download bg-image\" style=\"background-image: url(https:\/\/demo.casethemes.net\/intime\/wp-content\/uploads\/2020\/11\/bg-newsletter.jpg);\">\r\n                    <h4 class=\"wg-title\">Mali M\u00fc\u015favire Dan\u0131\u015f<\/h4>\r\n                            <div class=\"item--download\">\r\n                <a href=\"https:\/\/metaforsmmm.com\/iletisim\/\">\r\n                    <span>\u0130leti\u015fim Formuna Git<\/span>\r\n                    <i aria-hidden=\"true\" class=\"fas fa-user-tie\"><\/i>                                \t<\/a>\r\n           <\/div>\r\n                    <div class=\"item--download\">\r\n                <a href=\"mail:info@metaforsmmm.com\">\r\n                    <span>Eposta G\u00f6nder<\/span>\r\n                    <i aria-hidden=\"true\" class=\"material zmdi zmdi-email-open\"><\/i>                                \t<\/a>\r\n           <\/div>\r\n                    <div class=\"item--download\">\r\n                <a href=\"tel:+905376560837\">\r\n                    <span>Telefonla Ara<\/span>\r\n                    <i aria-hidden=\"true\" class=\"fas fa-phone\"><\/i>                                \t<\/a>\r\n           <\/div>\r\n                    <div class=\"item--download\">\r\n                <a href=\"https:\/\/api.whatsapp.com\/send?phone=905376560837\" target=\"_blank\">\r\n                    <span>Whatsapp \u0130leti\u015fim<\/span>\r\n                    <i aria-hidden=\"true\" class=\"fab fa-whatsapp-square\"><\/i>                                \t<\/a>\r\n           <\/div>\r\n            <\/div>\r\n\t\t\t\t<\/div>\n\t\t\t\t<\/div>\n\t\t            <\/div>\n        <\/div>\n                    <\/div>\n        <\/section>\n        \t\t<\/div>\n\t\t","protected":false},"excerpt":{"rendered":"<p>\u015eAHIS \u015e\u0130RKET\u0130 A\u00c7ILI\u015eI \u0130\u00c7\u0130N GEREKL\u0130 EVRAKLAR Kimli\u011finiz \u00f6n y\u00fcz\u00fcn\u00fcn foto\u011fraf\u0131 Faaliyetinizi yapaca\u011f\u0131n\u0131z i\u015fyeri adresi size ait ise Tapu Faaliyetinizi yapaca\u011f\u0131n\u0131z i\u015fyeri adresi kiral\u0131k ise Kira S\u00f6zle\u015fmesi \u0130\u015finizi arac\u0131n\u0131zla yap\u0131yorsan\u0131z Ara\u00e7 Ruhsat\u0131 ile birlikte; Arac\u0131n\u0131z size ait ve s\u0131f\u0131r bir ara\u00e7 ise Ara\u00e7 Faturas\u0131, 2. el bir ara\u00e7 ise Noter Sat\u0131\u015f S\u00f6zle\u015fmesi, Kiral\u0131k ise; Kira S\u00f6zle\u015fmesi [&hellip;]<\/p>\n","protected":false},"author":3,"featured_media":0,"parent":8344,"menu_order":0,"comment_status":"closed","ping_status":"closed","template":"","meta":{"footnotes":""},"class_list":["post-8579","page","type-page","status-publish","hentry"],"_links":{"self":[{"href":"https:\/\/metaforsmmm.com\/ar\/wp-json\/wp\/v2\/pages\/8579","targetHints":{"allow":["GET"]}}],"collection":[{"href":"https:\/\/metaforsmmm.com\/ar\/wp-json\/wp\/v2\/pages"}],"about":[{"href":"https:\/\/metaforsmmm.com\/ar\/wp-json\/wp\/v2\/types\/page"}],"author":[{"embeddable":true,"href":"https:\/\/metaforsmmm.com\/ar\/wp-json\/wp\/v2\/users\/3"}],"replies":[{"embeddable":true,"href":"https:\/\/metaforsmmm.com\/ar\/wp-json\/wp\/v2\/comments?post=8579"}],"version-history":[{"count":0,"href":"https:\/\/metaforsmmm.com\/ar\/wp-json\/wp\/v2\/pages\/8579\/revisions"}],"up":[{"embeddable":true,"href":"https:\/\/metaforsmmm.com\/ar\/wp-json\/wp\/v2\/pages\/8344"}],"wp:attachment":[{"href":"https:\/\/metaforsmmm.com\/ar\/wp-json\/wp\/v2\/media?parent=8579"}],"curies":[{"name":"wp","href":"https:\/\/api.w.org\/{rel}","templated":true}]}}