{"id":8616,"date":"2022-10-18T19:54:22","date_gmt":"2022-10-18T16:54:22","guid":{"rendered":"https:\/\/metaforsmmm.com\/%d8%ae%d8%af%d9%85%d8%a7%d8%aa-%d8%a7%d9%84%d8%a7%d8%b3%d8%aa%d8%b4%d8%a7%d8%b1%d8%a7%d8%aa-%d8%a7%d9%84%d9%85%d8%a7%d9%84%d9%8a%d8%a9\/makro-ihracat\/"},"modified":"2022-10-19T18:20:41","modified_gmt":"2022-10-19T15:20:41","slug":"%d8%a7%d9%84%d8%ad%d9%88%d8%a7%d9%81%d8%b2","status":"publish","type":"page","link":"https:\/\/metaforsmmm.com\/ar\/%d8%ae%d8%af%d9%85%d8%a7%d8%aa-%d8%a7%d9%84%d8%a7%d8%b3%d8%aa%d8%b4%d8%a7%d8%b1%d8%a7%d8%aa-%d8%a7%d9%84%d9%85%d8%a7%d9%84%d9%8a%d8%a9\/%d8%a7%d9%84%d8%ad%d9%88%d8%a7%d9%81%d8%b2\/","title":{"rendered":"\u0627\u0644\u062d\u0648\u0627\u0641\u0632"},"content":{"rendered":"\t\t<div data-elementor-type=\"wp-page\" data-elementor-id=\"8616\" class=\"elementor elementor-8616 elementor-8415\" data-elementor-settings=\"{&quot;ha_cmc_init_switcher&quot;:&quot;no&quot;}\">\n\t\t\t\t        <section class=\"elementor-section elementor-top-section elementor-element elementor-element-74320c7a elementor-section-stretched section-align-top single-service-section elementor-section-boxed elementor-section-height-default elementor-section-height-default\" data-id=\"74320c7a\" data-element_type=\"section\" data-settings=\"{&quot;stretch_section&quot;:&quot;section-stretched&quot;,&quot;background_background&quot;:&quot;classic&quot;,&quot;_ha_eqh_enable&quot;:false}\">\n            \n                        <div class=\"elementor-container elementor-column-gap-extended \">\n                    <div class=\"elementor-column elementor-col-66 elementor-top-column elementor-element elementor-element-32ec9404\" data-id=\"32ec9404\" data-element_type=\"column\" data-settings=\"{&quot;background_background&quot;:&quot;classic&quot;}\">\n        <div class=\"elementor-widget-wrap elementor-element-populated\">\n                    \n        \t\t<div class=\"elementor-element elementor-element-53645e6f elementor-widget elementor-widget-heading\" data-id=\"53645e6f\" data-element_type=\"widget\" data-widget_type=\"heading.default\">\n\t\t\t\t<div class=\"elementor-widget-container\">\n\t\t\t\t\t<h2 class=\"elementor-heading-title elementor-size-default\">T\u00fcrkiye'de \u015eirket A\u00e7ma Maliyeti<\/h2>\t\t\t\t<\/div>\n\t\t\t\t<\/div>\n\t\t\t\t<div class=\"elementor-element elementor-element-c22aae8 elementor-widget elementor-widget-ct_text_editor\" data-id=\"c22aae8\" data-element_type=\"widget\" data-widget_type=\"ct_text_editor.default\">\n\t\t\t\t<div class=\"elementor-widget-container\">\n\t\t\t\t\t<div id=\"ct_text_editor-c22aae8\" class=\"ct-text-editor \" data-wow-delay=\"ms\">\n\t<div class=\"ct-inline-css\"  data-css=\"\n        \t\t\">\n\n    <\/div>\n\t<div class=\"ct-text-editor elementor-clearfix\">\n\t\t\u062a\u0642\u062f\u0645 \u062a\u0631\u0643\u064a\u0627 \u060c \u0627\u0644\u062a\u064a \u0623\u0635\u0628\u062d\u062a \u0642\u0627\u0639\u062f\u0629 \u0627\u0644\u0644\u0648\u062c\u0633\u062a\u064a\u0627\u062a \u0648\u0627\u0644\u0625\u0646\u062a\u0627\u062c \u0641\u064a \u0627\u0644\u0639\u0627\u0644\u0645 \u060c \u0641\u0631\u0635\u064b\u0627 \u0641\u0631\u064a\u062f\u0629 \u0644\u0644\u0639\u062f\u064a\u062f \u0645\u0646 \u0627\u0644\u0642\u0637\u0627\u0639\u0627\u062a. \u062a\u0631\u0643\u064a\u0627 \u060c \u0627\u0644\u062a\u064a \u062a\u0642\u0639 \u0641\u064a \u0648\u0633\u0637 \u0643\u0644 \u0645\u0646 \u0627\u0644\u062f\u0648\u0644 \u0627\u0644\u0623\u0648\u0631\u0648\u0628\u064a\u0629 \u0648\u0622\u0633\u064a\u0627 \u0627\u0644\u0648\u0633\u0637\u0649 \u0648\u0627\u0644\u062c\u063a\u0631\u0627\u0641\u064a\u0627 \u0627\u0644\u0631\u0648\u0633\u064a\u0629 \u0627\u0644\u0639\u0638\u064a\u0645\u0629 \u060c \u0647\u064a \u0645\u0646 \u0628\u064a\u0646 \u0627\u0644\u062f\u0648\u0644 \u0627\u0644\u062a\u064a \u064a\u0641\u0636\u0644\u0647\u0627 \u0627\u0644\u0645\u0633\u062a\u062b\u0645\u0631\u0648\u0646. \u0625\u0646\u0647\u0627 \u0627\u0644\u0646\u0642\u0637\u0629 \u0627\u0644\u0623\u0643\u062b\u0631 \u0639\u0645\u0644\u064a\u0629 \u0648\u0645\u0648\u062b\u0648\u0642\u064a\u0629 \u0644\u0644\u0627\u0646\u0641\u062a\u0627\u062d \u0639\u0644\u0649 \u0627\u0644\u0623\u0633\u0648\u0627\u0642 \u0627\u0644\u0639\u0627\u0644\u0645\u064a\u0629 \u0645\u0646 \u062d\u064a\u062b \u0646\u0638\u0627\u0645 \u0627\u0644\u0645\u0639\u0627\u0644\u062c\u0629 \u0627\u0644\u062f\u0627\u062e\u0644\u064a\u0629 \u0648\u0627\u0644\u0625\u0646\u062a\u0627\u062c \u0648\u0627\u0644\u062a\u062c\u0627\u0631\u0629 \u0627\u0644\u0639\u0627\u0628\u0631\u0629. \u0628\u0647\u0630\u0627 \u0627\u0644\u0645\u0639\u0646\u0649 \u060c \u062a\u062d\u062a\u0648\u064a \u0642\u0648\u0627\u0646\u064a\u0646 \u0627\u0644\u0636\u0631\u0627\u0626\u0628 \u0627\u0644\u062a\u0631\u0643\u064a\u0629 \u0639\u0644\u0649 \u0627\u0644\u0639\u062f\u064a\u062f \u0645\u0646 \u0627\u0644\u0645\u0632\u0627\u064a\u0627 \u0627\u0644\u0636\u0631\u064a\u0628\u064a\u0629 \u0648\u0627\u0644\u062d\u0648\u0627\u0641\u0632 \u0627\u0644\u062d\u0643\u0648\u0645\u064a\u0629 \u0644\u0644\u0645\u0635\u062f\u0631. \u0641\u064a \u0643\u0644 \u0647\u0630\u0647 \u0627\u0644\u0623\u0645\u0648\u0631 \u060c METAFOR SMMM SMMM \u0639\u0644\u0649 \u0627\u0633\u062a\u0639\u062f\u0627\u062f \u0644\u0645\u0633\u0627\u0639\u062f\u062a\u0643 \u0645\u0646 \u062e\u0644\u0627\u0644 \u0645\u0648\u0638\u0641\u064a\u0647\u0627 \u0627\u0644\u062e\u0628\u0631\u0627\u0621.\n\t\t\n\t<\/div>\n<\/div>\t\t\t\t<\/div>\n\t\t\t\t<\/div>\n\t\t            <\/div>\n        <\/div>\n                <div class=\"elementor-column elementor-col-33 elementor-top-column elementor-element elementor-element-7b0bd532 column-sticky\" data-id=\"7b0bd532\" data-element_type=\"column\" data-settings=\"{&quot;background_background&quot;:&quot;classic&quot;}\">\n        <div class=\"elementor-widget-wrap elementor-element-populated\">\n                    \n                <section class=\"elementor-section elementor-inner-section elementor-element elementor-element-3c510670 elementor-section-boxed elementor-section-height-default elementor-section-height-default\" data-id=\"3c510670\" data-element_type=\"section\" data-settings=\"{&quot;_ha_eqh_enable&quot;:false}\">\n            \n                        <div class=\"elementor-container elementor-column-gap-extended \">\n                    <div class=\"elementor-column elementor-col-100 elementor-inner-column elementor-element elementor-element-52d958d8\" data-id=\"52d958d8\" data-element_type=\"column\" data-settings=\"{&quot;background_background&quot;:&quot;classic&quot;}\">\n        <div class=\"elementor-widget-wrap elementor-element-populated\">\n                    \n        \t\t<div class=\"elementor-element elementor-element-3f915626 elementor-widget elementor-widget-ct_navigation_menu\" data-id=\"3f915626\" data-element_type=\"widget\" data-widget_type=\"ct_navigation_menu.default\">\n\t\t\t\t<div class=\"elementor-widget-container\">\n\t\t\t\t\t    <div id=\"ct_navigation_menu-3f915626\" class=\"ct-navigation-menu1 default\">\r\n        <div class=\"menu-hizmet-menu-arapca-container\"><ul id=\"menu-hizmet-menu-arapca\" class=\"menu\"><li id=\"menu-item-8814\" class=\"menu-item menu-item-type-post_type menu-item-object-page menu-item-8814\"><a href=\"https:\/\/metaforsmmm.com\/ar\/%d8%ae%d8%af%d9%85%d8%a7%d8%aa-%d8%a7%d9%84%d8%a7%d8%b3%d8%aa%d8%b4%d8%a7%d8%b1%d8%a7%d8%aa-%d8%a7%d9%84%d9%85%d8%a7%d9%84%d9%8a%d8%a9\/%d8%a7%d9%84%d8%a7%d8%b3%d8%aa%d8%b4%d8%a7%d8%b1%d8%a7%d8%aa-%d8%a7%d9%84%d8%b6%d8%b1%d9%8a%d8%a8%d9%8a%d8%a9\/\"><span>\u0627\u0644\u0627\u0633\u062a\u0634\u0627\u0631\u0627\u062a \u0627\u0644\u0636\u0631\u064a\u0628\u064a\u0629<\/span><\/a><\/li>\n<li id=\"menu-item-8815\" class=\"menu-item menu-item-type-post_type menu-item-object-page menu-item-8815\"><a href=\"https:\/\/metaforsmmm.com\/ar\/%d8%ae%d8%af%d9%85%d8%a7%d8%aa-%d8%a7%d9%84%d8%a7%d8%b3%d8%aa%d8%b4%d8%a7%d8%b1%d8%a7%d8%aa-%d8%a7%d9%84%d9%85%d8%a7%d9%84%d9%8a%d8%a9\/%d8%a7%d9%84%d8%aa%d8%b1%d8%ae%d9%8a%d8%b5-%d9%88%d8%a7%d9%84%d8%a3%d8%b0%d9%88%d9%86%d8%a7%d8%aa\/\"><span>\u0627\u0644\u062a\u0631\u062e\u064a\u0635 \u0648\u0627\u0644\u0623\u0630\u0648\u0646\u0627\u062a<\/span><\/a><\/li>\n<li id=\"menu-item-8816\" class=\"menu-item menu-item-type-post_type menu-item-object-page menu-item-8816\"><a href=\"https:\/\/metaforsmmm.com\/ar\/%d8%ae%d8%af%d9%85%d8%a7%d8%aa-%d8%a7%d9%84%d8%a7%d8%b3%d8%aa%d8%b4%d8%a7%d8%b1%d8%a7%d8%aa-%d8%a7%d9%84%d9%85%d8%a7%d9%84%d9%8a%d8%a9\/%d8%a7%d9%84%d8%ad%d9%88%d8%a7%d9%81%d8%b2\/\"><span>\u0627\u0644\u062d\u0648\u0627\u0641\u0632<\/span><\/a><\/li>\n<li id=\"menu-item-8817\" class=\"menu-item menu-item-type-post_type menu-item-object-page menu-item-8817\"><a href=\"https:\/\/metaforsmmm.com\/ar\/%d8%ae%d8%af%d9%85%d8%a7%d8%aa-%d8%a7%d9%84%d8%a7%d8%b3%d8%aa%d8%b4%d8%a7%d8%b1%d8%a7%d8%aa-%d8%a7%d9%84%d9%85%d8%a7%d9%84%d9%8a%d8%a9\/%d8%a7%d9%84%d8%b6%d8%b1%d8%a7%d8%a6%d8%a8-%d8%a7%d9%84%d8%b1%d9%82%d9%85%d9%8a%d8%a9\/\"><span>\u0627\u0644\u0636\u0631\u0627\u0626\u0628 \u0627\u0644\u0631\u0642\u0645\u064a\u0629<\/span><\/a><\/li>\n<li id=\"menu-item-8818\" class=\"menu-item menu-item-type-post_type menu-item-object-page menu-item-8818\"><a href=\"https:\/\/metaforsmmm.com\/ar\/%d8%ae%d8%af%d9%85%d8%a7%d8%aa-%d8%a7%d9%84%d8%a7%d8%b3%d8%aa%d8%b4%d8%a7%d8%b1%d8%a7%d8%aa-%d8%a7%d9%84%d9%85%d8%a7%d9%84%d9%8a%d8%a9\/%d8%a7%d9%84%d9%82%d9%88%d8%a7%d8%b9%d8%af-%d8%a7%d9%84%d8%a3%d8%ae%d9%84%d8%a7%d9%82%d9%8a%d8%a9-%d9%81%d9%8a-%d8%a7%d9%84%d8%b9%d9%85%d9%84\/\"><span>\u0627\u0644\u0642\u0648\u0627\u0639\u062f \u0627\u0644\u0623\u062e\u0644\u0627\u0642\u064a\u0629 \u0641\u064a \u0627\u0644\u0639\u0645\u0644<\/span><\/a><\/li>\n<li id=\"menu-item-8819\" class=\"menu-item menu-item-type-post_type menu-item-object-page menu-item-8819\"><a href=\"https:\/\/metaforsmmm.com\/ar\/%d8%ae%d8%af%d9%85%d8%a7%d8%aa-%d8%a7%d9%84%d8%a7%d8%b3%d8%aa%d8%b4%d8%a7%d8%b1%d8%a7%d8%aa-%d8%a7%d9%84%d9%85%d8%a7%d9%84%d9%8a%d8%a9\/%d8%aa%d8%ac%d8%a7%d8%b1%d8%a9-%d8%a7%d9%84%d8%aa%d8%b1%d8%a7%d9%86%d8%b2%d9%8a%d8%aa-%d9%88%d8%a7%d9%84%d8%b5%d8%a7%d8%af%d8%b1%d8%a7%d8%aa-%d8%a7%d9%84%d8%b5%d8%ba%d9%8a%d8%b1%d8%a9\/\"><span>\u062a\u062c\u0627\u0631\u0629 \u0627\u0644\u062a\u0631\u0627\u0646\u0632\u064a\u062a \u0648\u0627\u0644\u0635\u0627\u062f\u0631\u0627\u062a \u0627\u0644\u0635\u063a\u064a\u0631\u0629<\/span><\/a><\/li>\n<li id=\"menu-item-8820\" class=\"menu-item menu-item-type-post_type menu-item-object-page menu-item-8820\"><a href=\"https:\/\/metaforsmmm.com\/ar\/%d8%ae%d8%af%d9%85%d8%a7%d8%aa-%d8%a7%d9%84%d8%a7%d8%b3%d8%aa%d8%b4%d8%a7%d8%b1%d8%a7%d8%aa-%d8%a7%d9%84%d9%85%d8%a7%d9%84%d9%8a%d8%a9\/%d8%aa%d8%b5%d8%af%d9%8a%d8%b1-%d9%85%d8%a7%d9%8a%d9%83%d8%b1%d9%88\/\"><span>\u062a\u0635\u062f\u064a\u0631 \u0645\u0627\u064a\u0643\u0631\u0648<\/span><\/a><\/li>\n<li id=\"menu-item-8821\" class=\"menu-item menu-item-type-post_type menu-item-object-page menu-item-8821\"><a href=\"https:\/\/metaforsmmm.com\/ar\/%d8%ae%d8%af%d9%85%d8%a7%d8%aa-%d8%a7%d9%84%d8%a7%d8%b3%d8%aa%d8%b4%d8%a7%d8%b1%d8%a7%d8%aa-%d8%a7%d9%84%d9%85%d8%a7%d9%84%d9%8a%d8%a9\/%d8%ae%d8%af%d9%85%d8%a7%d8%aa-%d8%a7%d9%84%d8%aa%d8%ad%d9%88%d9%84-%d8%a7%d9%84%d8%b1%d9%82%d9%85%d9%8a\/\"><span>\u062e\u062f\u0645\u0627\u062a \u0627\u0644\u062a\u062d\u0648\u0644 \u0627\u0644\u0631\u0642\u0645\u064a<\/span><\/a><\/li>\n<li id=\"menu-item-8822\" class=\"menu-item menu-item-type-post_type menu-item-object-page menu-item-8822\"><a href=\"https:\/\/metaforsmmm.com\/ar\/%d8%ae%d8%af%d9%85%d8%a7%d8%aa-%d8%a7%d9%84%d8%a7%d8%b3%d8%aa%d8%b4%d8%a7%d8%b1%d8%a7%d8%aa-%d8%a7%d9%84%d9%85%d8%a7%d9%84%d9%8a%d8%a9\/%d8%ae%d8%af%d9%85%d8%a7%d8%aa-%d8%a7%d9%84%d8%b6%d9%85%d8%a7%d9%86-%d8%a7%d9%84%d8%a7%d8%ac%d8%aa%d9%85%d8%a7%d8%b9%d9%8a-%d9%88-%d8%aa%d9%86%d8%b8%d9%8a%d9%85-%d9%83%d8%b4%d9%81-%d8%a7%d9%84%d8%b1\/\"><span>\u062e\u062f\u0645\u0627\u062a \u0627\u0644\u0636\u0645\u0627\u0646 \u0627\u0644\u0627\u062c\u062a\u0645\u0627\u0639\u064a \u0648 \u062a\u0646\u0638\u064a\u0645 \u0643\u0634\u0641 \u0627\u0644\u0631\u0648\u0627\u062a\u0628<\/span><\/a><\/li>\n<li id=\"menu-item-8823\" class=\"menu-item menu-item-type-post_type menu-item-object-page menu-item-8823\"><a href=\"https:\/\/metaforsmmm.com\/ar\/%d8%ae%d8%af%d9%85%d8%a7%d8%aa-%d8%a7%d9%84%d8%a7%d8%b3%d8%aa%d8%b4%d8%a7%d8%b1%d8%a7%d8%aa-%d8%a7%d9%84%d9%85%d8%a7%d9%84%d9%8a%d8%a9\/%d8%ae%d8%af%d9%85%d8%a7%d8%aa%d9%86%d8%a7-%d8%a7%d9%84%d9%85%d8%ad%d8%a7%d8%b3%d8%a8%d9%8a%d8%a9-%d9%88%d8%a7%d9%84%d8%a7%d8%b3%d8%aa%d8%b4%d8%a7%d8%b1%d8%a7%d8%aa-%d8%a7%d9%84%d9%85%d8%a7%d9%84\/\"><span>\u062e\u062f\u0645\u0627\u062a\u0646\u0627 \u0627\u0644\u0645\u062d\u0627\u0633\u0628\u064a\u0629 \u0648\u0627\u0644\u0627\u0633\u062a\u0634\u0627\u0631\u0627\u062a \u0627\u0644\u0645\u0627\u0644\u064a\u0629<\/span><\/a><\/li>\n<li id=\"menu-item-8824\" class=\"menu-item menu-item-type-post_type menu-item-object-page menu-item-8824\"><a href=\"https:\/\/metaforsmmm.com\/ar\/%d8%ae%d8%af%d9%85%d8%a7%d8%aa-%d8%a7%d9%84%d8%a7%d8%b3%d8%aa%d8%b4%d8%a7%d8%b1%d8%a7%d8%aa-%d8%a7%d9%84%d9%85%d8%a7%d9%84%d9%8a%d8%a9\/%d9%81%d8%aa%d8%ad-%d8%b4%d8%b1%d9%83%d8%a9-%d9%81%d9%8a-%d8%aa%d8%b1%d9%83%d9%8a%d8%a7\/\"><span>\u0641\u062a\u062d \u0634\u0631\u0643\u0629 \u0641\u064a \u062a\u0631\u0643\u064a\u0627<\/span><\/a><\/li>\n<\/ul><\/div>    <\/div>\r\n\t\t\t\t<\/div>\n\t\t\t\t<\/div>\n\t\t            <\/div>\n        <\/div>\n                    <\/div>\n        <\/section>\n                <section class=\"elementor-section elementor-inner-section elementor-element elementor-element-50a15ad2 elementor-section-boxed elementor-section-height-default elementor-section-height-default\" data-id=\"50a15ad2\" data-element_type=\"section\" data-settings=\"{&quot;background_background&quot;:&quot;classic&quot;,&quot;_ha_eqh_enable&quot;:false}\">\n                            <div class=\"elementor-background-overlay\"><\/div>\n                \n                        <div class=\"elementor-container elementor-column-gap-extended \">\n                    <div class=\"elementor-column elementor-col-100 elementor-inner-column elementor-element elementor-element-4d11fc92\" data-id=\"4d11fc92\" data-element_type=\"column\" data-settings=\"{&quot;background_background&quot;:&quot;classic&quot;}\">\n        <div class=\"elementor-widget-wrap elementor-element-populated\">\n                    <div class=\"elementor-background-overlay\"><\/div>\n                    \n        \t\t<div class=\"elementor-element elementor-element-ad498d6 elementor-widget elementor-widget-ct_heading\" data-id=\"ad498d6\" data-element_type=\"widget\" data-widget_type=\"ct_heading.default\">\n\t\t\t\t<div class=\"elementor-widget-container\">\n\t\t\t\t\t<div class=\"ct-heading h-align- item-st-line-right\">\r\n\t    <h3 class=\"item--title case-animate-time st-line-right \" data-wow-delay=\"ms\">\r\n        <span>\u0130leti\u015fim<\/span>    <\/h3>\r\n<\/div>\r\n\r\n\t\t\t\t<\/div>\n\t\t\t\t<\/div>\n\t\t\t\t<div class=\"elementor-element elementor-element-492c4175 elementor-widget elementor-widget-ct_contact_info\" data-id=\"492c4175\" data-element_type=\"widget\" data-widget_type=\"ct_contact_info.default\">\n\t\t\t\t<div class=\"elementor-widget-container\">\n\t\t\t\t\t    <div class=\"ct-inline-css\"  data-css=\"\r\n        \">\r\n    <\/div>\r\n    <ul id=\"ct_contact_info-492c4175\" class=\"ct-contact-info ct-contact-info1 \" data-wow-duration=\"1.2s\">\r\n                    <li>\r\n            \t\t\t\t        <span class=\"ct-contact-icon\">\r\n\t\t                <i aria-hidden=\"true\" class=\"flaticon flaticon-locator\"><\/i>\t\t                \t\t\t        <\/span>\r\n\t\t\t                                    <span class=\"ct-contact-content\">\r\n            \t   Bat\u0131 Mh. Hatboyu Cd. No: 42\/82 <br>Pendik, \u0130stanbul - T\u00dcRK\u0130YE                <\/span>\r\n           <\/li>\r\n                    <li>\r\n            \t\t\t\t        <span class=\"ct-contact-icon\">\r\n\t\t                <i aria-hidden=\"true\" class=\"flaticon flaticon-email\"><\/i>\t\t                \t\t\t        <\/span>\r\n\t\t\t                                    <span class=\"ct-contact-content\">\r\n            \t   <a href=\"mailto:info@metaforsmmm.com\">info@metaforsmmm.com<\/a>                <\/span>\r\n           <\/li>\r\n                    <li>\r\n            \t\t\t\t        <span class=\"ct-contact-icon\">\r\n\t\t                <i aria-hidden=\"true\" class=\"flaticon flaticon-telephone\"><\/i>\t\t                \t\t\t        <\/span>\r\n\t\t\t                                    <span class=\"ct-contact-content\">\r\n            \t   <a href=\"tel:902167595513\">+90 216 759 55 13<\/a>                <\/span>\r\n           <\/li>\r\n                    <li>\r\n            \t\t\t\t        <span class=\"ct-contact-icon\">\r\n\t\t                <i aria-hidden=\"true\" class=\"fab fa-whatsapp-square\"><\/i>\t\t                \t\t\t        <\/span>\r\n\t\t\t                                    <span class=\"ct-contact-content\">\r\n            \t   <a href=\"https:\/\/api.whatsapp.com\/send?phone=905376560837\" target=\"_blank\">+90 537 656 08 37<\/a>                <\/span>\r\n           <\/li>\r\n                    <li>\r\n            \t\t\t\t        <span class=\"ct-contact-icon\">\r\n\t\t                <i aria-hidden=\"true\" class=\"flaticon flaticon-time\"><\/i>\t\t                \t\t\t        <\/span>\r\n\t\t\t                                    <span class=\"ct-contact-content\">\r\n            \t   Ptesi - Ctesi:  8:30 -  18:00<br\/>\n\nPazar: Kapal\u0131                <\/span>\r\n           <\/li>\r\n            <\/ul>\r\n\t\t\t\t<\/div>\n\t\t\t\t<\/div>\n\t\t            <\/div>\n        <\/div>\n                    <\/div>\n        <\/section>\n        \t\t<div class=\"elementor-element elementor-element-6fe0976e elementor-widget elementor-widget-ct_download\" data-id=\"6fe0976e\" data-element_type=\"widget\" data-widget_type=\"ct_download.default\">\n\t\t\t\t<div class=\"elementor-widget-container\">\n\t\t\t\t\t    <div class=\"ct-download bg-image\" style=\"background-image: url(https:\/\/demo.casethemes.net\/intime\/wp-content\/uploads\/2020\/11\/bg-newsletter.jpg);\">\r\n                    <h4 class=\"wg-title\">Mali M\u00fc\u015favire Dan\u0131\u015f<\/h4>\r\n                            <div class=\"item--download\">\r\n                <a href=\"https:\/\/metaforsmmm.com\/iletisim\/\">\r\n                    <span>\u0130leti\u015fim Formuna Git<\/span>\r\n                    <i aria-hidden=\"true\" class=\"fas fa-user-tie\"><\/i>                                \t<\/a>\r\n           <\/div>\r\n                    <div class=\"item--download\">\r\n                <a href=\"mail:info@metaforsmmm.com\">\r\n                    <span>Eposta G\u00f6nder<\/span>\r\n                    <i aria-hidden=\"true\" class=\"material zmdi zmdi-email-open\"><\/i>                                \t<\/a>\r\n           <\/div>\r\n                    <div class=\"item--download\">\r\n                <a href=\"tel:+905376560837\">\r\n                    <span>Telefonla Ara<\/span>\r\n                    <i aria-hidden=\"true\" class=\"fas fa-phone\"><\/i>                                \t<\/a>\r\n           <\/div>\r\n                    <div class=\"item--download\">\r\n                <a href=\"https:\/\/api.whatsapp.com\/send?phone=905376560837\" target=\"_blank\">\r\n                    <span>Whatsapp \u0130leti\u015fim<\/span>\r\n                    <i aria-hidden=\"true\" class=\"fab fa-whatsapp-square\"><\/i>                                \t<\/a>\r\n           <\/div>\r\n            <\/div>\r\n\t\t\t\t<\/div>\n\t\t\t\t<\/div>\n\t\t            <\/div>\n        <\/div>\n                    <\/div>\n        <\/section>\n        \t\t<\/div>\n\t\t","protected":false},"excerpt":{"rendered":"<p>\u062a\u0642\u062f\u0645 \u062a\u0631\u0643\u064a\u0627 \u060c \u0627\u0644\u062a\u064a \u0623\u0635\u0628\u062d\u062a \u0642\u0627\u0639\u062f\u0629 \u0627\u0644\u0644\u0648\u062c\u0633\u062a\u064a\u0627\u062a \u0648\u0627\u0644\u0625\u0646\u062a\u0627\u062c \u0641\u064a \u0627\u0644\u0639\u0627\u0644\u0645 \u060c \u0641\u0631\u0635\u064b\u0627 \u0641\u0631\u064a\u062f\u0629 \u0644\u0644\u0639\u062f\u064a\u062f \u0645\u0646 \u0627\u0644\u0642\u0637\u0627\u0639\u0627\u062a. \u062a\u0631\u0643\u064a\u0627 \u060c \u0627\u0644\u062a\u064a \u062a\u0642\u0639 \u0641\u064a \u0648\u0633\u0637 \u0643\u0644 \u0645\u0646 \u0627\u0644\u062f\u0648\u0644 \u0627\u0644\u0623\u0648\u0631\u0648\u0628\u064a\u0629 \u0648\u0622\u0633\u064a\u0627 \u0627\u0644\u0648\u0633\u0637\u0649 \u0648\u0627\u0644\u062c\u063a\u0631\u0627\u0641\u064a\u0627 \u0627\u0644\u0631\u0648\u0633\u064a\u0629 \u0627\u0644\u0639\u0638\u064a\u0645\u0629 \u060c \u0647\u064a \u0645\u0646 \u0628\u064a\u0646 \u0627\u0644\u062f\u0648\u0644 \u0627\u0644\u062a\u064a \u064a\u0641\u0636\u0644\u0647\u0627 \u0627\u0644\u0645\u0633\u062a\u062b\u0645\u0631\u0648\u0646. \u0625\u0646\u0647\u0627 \u0627\u0644\u0646\u0642\u0637\u0629 \u0627\u0644\u0623\u0643\u062b\u0631 \u0639\u0645\u0644\u064a\u0629 \u0648\u0645\u0648\u062b\u0648\u0642\u064a\u0629 \u0644\u0644\u0627\u0646\u0641\u062a\u0627\u062d \u0639\u0644\u0649 \u0627\u0644\u0623\u0633\u0648\u0627\u0642 \u0627\u0644\u0639\u0627\u0644\u0645\u064a\u0629 \u0645\u0646 \u062d\u064a\u062b \u0646\u0638\u0627\u0645 \u0627\u0644\u0645\u0639\u0627\u0644\u062c\u0629 \u0627\u0644\u062f\u0627\u062e\u0644\u064a\u0629 \u0648\u0627\u0644\u0625\u0646\u062a\u0627\u062c \u0648\u0627\u0644\u062a\u062c\u0627\u0631\u0629 [&hellip;]<\/p>\n","protected":false},"author":3,"featured_media":0,"parent":8344,"menu_order":0,"comment_status":"closed","ping_status":"closed","template":"","meta":{"footnotes":""},"class_list":["post-8616","page","type-page","status-publish","hentry"],"_links":{"self":[{"href":"https:\/\/metaforsmmm.com\/ar\/wp-json\/wp\/v2\/pages\/8616","targetHints":{"allow":["GET"]}}],"collection":[{"href":"https:\/\/metaforsmmm.com\/ar\/wp-json\/wp\/v2\/pages"}],"about":[{"href":"https:\/\/metaforsmmm.com\/ar\/wp-json\/wp\/v2\/types\/page"}],"author":[{"embeddable":true,"href":"https:\/\/metaforsmmm.com\/ar\/wp-json\/wp\/v2\/users\/3"}],"replies":[{"embeddable":true,"href":"https:\/\/metaforsmmm.com\/ar\/wp-json\/wp\/v2\/comments?post=8616"}],"version-history":[{"count":0,"href":"https:\/\/metaforsmmm.com\/ar\/wp-json\/wp\/v2\/pages\/8616\/revisions"}],"up":[{"embeddable":true,"href":"https:\/\/metaforsmmm.com\/ar\/wp-json\/wp\/v2\/pages\/8344"}],"wp:attachment":[{"href":"https:\/\/metaforsmmm.com\/ar\/wp-json\/wp\/v2\/media?parent=8616"}],"curies":[{"name":"wp","href":"https:\/\/api.w.org\/{rel}","templated":true}]}}