{"id":8345,"date":"2020-11-06T06:45:49","date_gmt":"2020-11-06T06:45:49","guid":{"rendered":"https:\/\/metaforsmmm.com\/hizmetlerimiz\/"},"modified":"2022-10-20T23:55:07","modified_gmt":"2022-10-20T20:55:07","slug":"our-services","status":"publish","type":"page","link":"https:\/\/metaforsmmm.com\/en\/our-services\/","title":{"rendered":"Our Services"},"content":{"rendered":"\t\t<div data-elementor-type=\"wp-page\" data-elementor-id=\"8345\" class=\"elementor elementor-8345 elementor-23\" data-elementor-settings=\"{&quot;ha_cmc_init_switcher&quot;:&quot;no&quot;}\">\n\t\t\t\t        <section class=\"elementor-section elementor-top-section elementor-element elementor-element-2c103283 elementor-section-stretched elementor-section-boxed elementor-section-height-default elementor-section-height-default\" data-id=\"2c103283\" data-element_type=\"section\" data-settings=\"{&quot;stretch_section&quot;:&quot;section-stretched&quot;,&quot;background_background&quot;:&quot;classic&quot;,&quot;_ha_eqh_enable&quot;:false}\">\n            \n                        <div class=\"elementor-container elementor-column-gap-extended \">\n                    <div class=\"elementor-column elementor-col-100 elementor-top-column elementor-element elementor-element-2dd5de5\" data-id=\"2dd5de5\" data-element_type=\"column\">\n        <div class=\"elementor-widget-wrap elementor-element-populated\">\n                    \n                <section class=\"elementor-section elementor-inner-section elementor-element elementor-element-209a2c7f elementor-section-boxed elementor-section-height-default elementor-section-height-default\" data-id=\"209a2c7f\" data-element_type=\"section\" data-settings=\"{&quot;_ha_eqh_enable&quot;:false}\">\n            \n                        <div class=\"elementor-container elementor-column-gap-extended \">\n                    <div class=\"elementor-column elementor-col-50 elementor-inner-column elementor-element elementor-element-48931957\" data-id=\"48931957\" data-element_type=\"column\">\n        <div class=\"elementor-widget-wrap elementor-element-populated\">\n                    \n        \t\t<div data-ha-element-link=\"{&quot;url&quot;:&quot;https:\\\/\\\/metaforsmmm.com\\\/hizmetlerimiz\\\/dijital-donusum-hizmetleri\\\/&quot;,&quot;is_external&quot;:&quot;&quot;,&quot;nofollow&quot;:&quot;&quot;}\" style=\"cursor: pointer\" class=\"elementor-element elementor-element-318b3bea elementor-widget elementor-widget-ct_fancy_box\" data-id=\"318b3bea\" data-element_type=\"widget\" data-widget_type=\"ct_fancy_box.default\">\n\t\t\t\t<div class=\"elementor-widget-container\">\n\t\t\t\t\t<div class=\"ct-fancy-box ct-fancy-box-layout9 wow fadeInUp\" data-wow-delay=\"ms\">\r\n            <div class=\"item--icon icon-psb\">\r\n            <i aria-hidden=\"true\" class=\"material zmdi zmdi-star-border\"><\/i>        <\/div>\r\n            <div class=\"item--holder\">\r\n                    <h6>Hizmetlerimiz<\/h6>\r\n                <h3 class=\"item--title\">\r\n            Dijital D\u00f6n\u00fc\u015f\u00fcm Hizmetleri        <\/h3>\r\n        <div class=\"item--description\">Detayl\u0131 bilgi almak i\u00e7in t\u0131klay\u0131n\u0131z.<\/div>\r\n    <\/div>\r\n<\/div>\t\t\t\t<\/div>\n\t\t\t\t<\/div>\n\t\t\t\t<div data-ha-element-link=\"{&quot;url&quot;:&quot;https:\\\/\\\/metaforsmmm.com\\\/hizmetlerimiz\\\/dijital-vergilendirme\\\/&quot;,&quot;is_external&quot;:&quot;&quot;,&quot;nofollow&quot;:&quot;&quot;}\" style=\"cursor: pointer\" class=\"elementor-element elementor-element-64f68a5b elementor-widget elementor-widget-ct_fancy_box\" data-id=\"64f68a5b\" data-element_type=\"widget\" data-widget_type=\"ct_fancy_box.default\">\n\t\t\t\t<div class=\"elementor-widget-container\">\n\t\t\t\t\t<div class=\"ct-fancy-box ct-fancy-box-layout9 wow fadeInUp\" data-wow-delay=\"ms\">\r\n            <div class=\"item--icon icon-psb\">\r\n            <i aria-hidden=\"true\" class=\"material zmdi zmdi-star-border\"><\/i>        <\/div>\r\n            <div class=\"item--holder\">\r\n                    <h6>Hizmetlerimiz<\/h6>\r\n                <h3 class=\"item--title\">\r\n            Dijital Vergilendirme        <\/h3>\r\n        <div class=\"item--description\">Detayl\u0131 bilgi almak i\u00e7in t\u0131klay\u0131n\u0131z.<\/div>\r\n    <\/div>\r\n<\/div>\t\t\t\t<\/div>\n\t\t\t\t<\/div>\n\t\t\t\t<div data-ha-element-link=\"{&quot;url&quot;:&quot;https:\\\/\\\/metaforsmmm.com\\\/hizmetlerimiz\\\/lisans-ve-izinler\\\/&quot;,&quot;is_external&quot;:&quot;&quot;,&quot;nofollow&quot;:&quot;&quot;}\" style=\"cursor: pointer\" class=\"elementor-element elementor-element-1760c9b elementor-widget elementor-widget-ct_fancy_box\" data-id=\"1760c9b\" data-element_type=\"widget\" data-widget_type=\"ct_fancy_box.default\">\n\t\t\t\t<div class=\"elementor-widget-container\">\n\t\t\t\t\t<div class=\"ct-fancy-box ct-fancy-box-layout9 wow fadeInUp\" data-wow-delay=\"ms\">\r\n            <div class=\"item--icon icon-psb\">\r\n            <i aria-hidden=\"true\" class=\"material zmdi zmdi-star-border\"><\/i>        <\/div>\r\n            <div class=\"item--holder\">\r\n                    <h6>Hizmetlerimiz<\/h6>\r\n                <h3 class=\"item--title\">\r\n            Lisans ve \u0130zinler        <\/h3>\r\n        <div class=\"item--description\">Detayl\u0131 bilgi almak i\u00e7in t\u0131klay\u0131n\u0131z.<\/div>\r\n    <\/div>\r\n<\/div>\t\t\t\t<\/div>\n\t\t\t\t<\/div>\n\t\t\t\t<div data-ha-element-link=\"{&quot;url&quot;:&quot;https:\\\/\\\/metaforsmmm.com\\\/hizmetlerimiz\\\/makro-ihracat\\\/&quot;,&quot;is_external&quot;:&quot;&quot;,&quot;nofollow&quot;:&quot;&quot;}\" style=\"cursor: pointer\" class=\"elementor-element elementor-element-1ded47a0 elementor-widget elementor-widget-ct_fancy_box\" data-id=\"1ded47a0\" data-element_type=\"widget\" data-widget_type=\"ct_fancy_box.default\">\n\t\t\t\t<div class=\"elementor-widget-container\">\n\t\t\t\t\t<div class=\"ct-fancy-box ct-fancy-box-layout9 wow fadeInUp\" data-wow-delay=\"ms\">\r\n            <div class=\"item--icon icon-psb\">\r\n            <i aria-hidden=\"true\" class=\"material zmdi zmdi-star-border\"><\/i>        <\/div>\r\n            <div class=\"item--holder\">\r\n                    <h6>Hizmetlerimiz<\/h6>\r\n                <h3 class=\"item--title\">\r\n            Makro \u0130hracat        <\/h3>\r\n        <div class=\"item--description\">Detayl\u0131 bilgi almak i\u00e7in t\u0131klay\u0131n\u0131z.<\/div>\r\n    <\/div>\r\n<\/div>\t\t\t\t<\/div>\n\t\t\t\t<\/div>\n\t\t\t\t<div data-ha-element-link=\"{&quot;url&quot;:&quot;https:\\\/\\\/metaforsmmm.com\\\/hizmetlerimiz\\\/mali-musavirlik-hizmetleri\\\/&quot;,&quot;is_external&quot;:&quot;&quot;,&quot;nofollow&quot;:&quot;&quot;}\" style=\"cursor: pointer\" class=\"elementor-element elementor-element-17377a8d elementor-widget elementor-widget-ct_fancy_box\" data-id=\"17377a8d\" data-element_type=\"widget\" data-widget_type=\"ct_fancy_box.default\">\n\t\t\t\t<div class=\"elementor-widget-container\">\n\t\t\t\t\t<div class=\"ct-fancy-box ct-fancy-box-layout9 wow fadeInUp\" data-wow-delay=\"ms\">\r\n            <div class=\"item--icon icon-psb\">\r\n            <i aria-hidden=\"true\" class=\"material zmdi zmdi-star-border\"><\/i>        <\/div>\r\n            <div class=\"item--holder\">\r\n                    <h6>Hizmetlerimiz<\/h6>\r\n                <h3 class=\"item--title\">\r\n            Mali M\u00fc\u015favirlik Hizmetleri        <\/h3>\r\n        <div class=\"item--description\">Detayl\u0131 bilgi almak i\u00e7in t\u0131klay\u0131n\u0131z.<\/div>\r\n    <\/div>\r\n<\/div>\t\t\t\t<\/div>\n\t\t\t\t<\/div>\n\t\t\t\t<div data-ha-element-link=\"{&quot;url&quot;:&quot;https:\\\/\\\/metaforsmmm.com\\\/hizmetlerimiz\\\/mikro-ihracat\\\/&quot;,&quot;is_external&quot;:&quot;&quot;,&quot;nofollow&quot;:&quot;&quot;}\" style=\"cursor: pointer\" class=\"elementor-element elementor-element-39b48dda elementor-widget elementor-widget-ct_fancy_box\" data-id=\"39b48dda\" data-element_type=\"widget\" data-widget_type=\"ct_fancy_box.default\">\n\t\t\t\t<div class=\"elementor-widget-container\">\n\t\t\t\t\t<div class=\"ct-fancy-box ct-fancy-box-layout9 wow fadeInUp\" data-wow-delay=\"ms\">\r\n            <div class=\"item--icon icon-psb\">\r\n            <i aria-hidden=\"true\" class=\"material zmdi zmdi-star-border\"><\/i>        <\/div>\r\n            <div class=\"item--holder\">\r\n                    <h6>Hizmetlerimiz<\/h6>\r\n                <h3 class=\"item--title\">\r\n            Mikro \u0130hracat        <\/h3>\r\n        <div class=\"item--description\">Detayl\u0131 bilgi almak i\u00e7in t\u0131klay\u0131n\u0131z.<\/div>\r\n    <\/div>\r\n<\/div>\t\t\t\t<\/div>\n\t\t\t\t<\/div>\n\t\t            <\/div>\n        <\/div>\n                <div class=\"elementor-column elementor-col-50 elementor-inner-column elementor-element elementor-element-66715154\" data-id=\"66715154\" data-element_type=\"column\">\n        <div class=\"elementor-widget-wrap elementor-element-populated\">\n                    \n        \t\t<div data-ha-element-link=\"{&quot;url&quot;:&quot;https:\\\/\\\/metaforsmmm.com\\\/hizmetlerimiz\\\/sirket-acilisi-islemleri\\\/&quot;,&quot;is_external&quot;:&quot;&quot;,&quot;nofollow&quot;:&quot;&quot;}\" style=\"cursor: pointer\" class=\"elementor-element elementor-element-3d16be32 elementor-widget elementor-widget-ct_fancy_box\" data-id=\"3d16be32\" data-element_type=\"widget\" data-widget_type=\"ct_fancy_box.default\">\n\t\t\t\t<div class=\"elementor-widget-container\">\n\t\t\t\t\t<div class=\"ct-fancy-box ct-fancy-box-layout9 wow fadeInUp\" data-wow-delay=\"ms\">\r\n            <div class=\"item--icon icon-psb\">\r\n            <i aria-hidden=\"true\" class=\"material zmdi zmdi-star-border\"><\/i>        <\/div>\r\n            <div class=\"item--holder\">\r\n                    <h6>Hizmetlerimiz<\/h6>\r\n                <h3 class=\"item--title\">\r\n            \u015eirket A\u00e7\u0131l\u0131\u015f\u0131 \u0130\u015flemleri        <\/h3>\r\n        <div class=\"item--description\">Detayl\u0131 bilgi almak i\u00e7in t\u0131klay\u0131n\u0131z.<\/div>\r\n    <\/div>\r\n<\/div>\t\t\t\t<\/div>\n\t\t\t\t<\/div>\n\t\t\t\t<div data-ha-element-link=\"{&quot;url&quot;:&quot;https:\\\/\\\/metaforsmmm.com\\\/hizmetlerimiz\\\/sosyal-guvenlik-ve-bordrolama\\\/&quot;,&quot;is_external&quot;:&quot;&quot;,&quot;nofollow&quot;:&quot;&quot;}\" style=\"cursor: pointer\" class=\"elementor-element elementor-element-1d24140f elementor-widget elementor-widget-ct_fancy_box\" data-id=\"1d24140f\" data-element_type=\"widget\" data-widget_type=\"ct_fancy_box.default\">\n\t\t\t\t<div class=\"elementor-widget-container\">\n\t\t\t\t\t<div class=\"ct-fancy-box ct-fancy-box-layout9 wow fadeInUp\" data-wow-delay=\"ms\">\r\n            <div class=\"item--icon icon-psb\">\r\n            <i aria-hidden=\"true\" class=\"material zmdi zmdi-star-border\"><\/i>        <\/div>\r\n            <div class=\"item--holder\">\r\n                    <h6>Hizmetlerimiz<\/h6>\r\n                <h3 class=\"item--title\">\r\n            Sosyal G\u00fcvenlik ve Bordrolama        <\/h3>\r\n        <div class=\"item--description\">Detayl\u0131 bilgi almak i\u00e7in t\u0131klay\u0131n\u0131z.<\/div>\r\n    <\/div>\r\n<\/div>\t\t\t\t<\/div>\n\t\t\t\t<\/div>\n\t\t\t\t<div data-ha-element-link=\"{&quot;url&quot;:&quot;https:\\\/\\\/metaforsmmm.com\\\/hizmetlerimiz\\\/tesvikler\\\/&quot;,&quot;is_external&quot;:&quot;&quot;,&quot;nofollow&quot;:&quot;&quot;}\" style=\"cursor: pointer\" class=\"elementor-element elementor-element-734d92d4 elementor-widget elementor-widget-ct_fancy_box\" data-id=\"734d92d4\" data-element_type=\"widget\" data-widget_type=\"ct_fancy_box.default\">\n\t\t\t\t<div class=\"elementor-widget-container\">\n\t\t\t\t\t<div class=\"ct-fancy-box ct-fancy-box-layout9 wow fadeInUp\" data-wow-delay=\"ms\">\r\n            <div class=\"item--icon icon-psb\">\r\n            <i aria-hidden=\"true\" class=\"material zmdi zmdi-star-border\"><\/i>        <\/div>\r\n            <div class=\"item--holder\">\r\n                    <h6>Hizmetlerimiz<\/h6>\r\n                <h3 class=\"item--title\">\r\n            Te\u015fvikler        <\/h3>\r\n        <div class=\"item--description\">Detayl\u0131 bilgi almak i\u00e7in t\u0131klay\u0131n\u0131z.<\/div>\r\n    <\/div>\r\n<\/div>\t\t\t\t<\/div>\n\t\t\t\t<\/div>\n\t\t\t\t<div data-ha-element-link=\"{&quot;url&quot;:&quot;https:\\\/\\\/metaforsmmm.com\\\/hizmetlerimiz\\\/turkiyede-sirket-acmak\\\/&quot;,&quot;is_external&quot;:&quot;&quot;,&quot;nofollow&quot;:&quot;&quot;}\" style=\"cursor: pointer\" class=\"elementor-element elementor-element-6e37123c elementor-widget elementor-widget-ct_fancy_box\" data-id=\"6e37123c\" data-element_type=\"widget\" data-widget_type=\"ct_fancy_box.default\">\n\t\t\t\t<div class=\"elementor-widget-container\">\n\t\t\t\t\t<div class=\"ct-fancy-box ct-fancy-box-layout9 wow fadeInUp\" data-wow-delay=\"ms\">\r\n            <div class=\"item--icon icon-psb\">\r\n            <i aria-hidden=\"true\" class=\"material zmdi zmdi-star-border\"><\/i>        <\/div>\r\n            <div class=\"item--holder\">\r\n                    <h6>Hizmetlerimiz<\/h6>\r\n                <h3 class=\"item--title\">\r\n            T\u00fcrkiye'de \u015eirket A\u00e7mak        <\/h3>\r\n        <div class=\"item--description\">Detayl\u0131 bilgi almak i\u00e7in t\u0131klay\u0131n\u0131z.<\/div>\r\n    <\/div>\r\n<\/div>\t\t\t\t<\/div>\n\t\t\t\t<\/div>\n\t\t\t\t<div data-ha-element-link=\"{&quot;url&quot;:&quot;https:\\\/\\\/metaforsmmm.com\\\/hizmetlerimiz\\\/vergi-danismanligi\\\/&quot;,&quot;is_external&quot;:&quot;&quot;,&quot;nofollow&quot;:&quot;&quot;}\" style=\"cursor: pointer\" class=\"elementor-element elementor-element-cf387bc elementor-widget elementor-widget-ct_fancy_box\" data-id=\"cf387bc\" data-element_type=\"widget\" data-widget_type=\"ct_fancy_box.default\">\n\t\t\t\t<div class=\"elementor-widget-container\">\n\t\t\t\t\t<div class=\"ct-fancy-box ct-fancy-box-layout9 wow fadeInUp\" data-wow-delay=\"ms\">\r\n            <div class=\"item--icon icon-psb\">\r\n            <i aria-hidden=\"true\" class=\"material zmdi zmdi-star-border\"><\/i>        <\/div>\r\n            <div class=\"item--holder\">\r\n                    <h6>Hizmetlerimiz<\/h6>\r\n                <h3 class=\"item--title\">\r\n            Vergi Dan\u0131\u015fmanl\u0131\u011f\u0131        <\/h3>\r\n        <div class=\"item--description\">Detayl\u0131 bilgi almak i\u00e7in t\u0131klay\u0131n\u0131z.<\/div>\r\n    <\/div>\r\n<\/div>\t\t\t\t<\/div>\n\t\t\t\t<\/div>\n\t\t            <\/div>\n        <\/div>\n                    <\/div>\n        <\/section>\n                    <\/div>\n        <\/div>\n                    <\/div>\n        <\/section>\n        \t\t<\/div>\n\t\t","protected":false},"excerpt":{"rendered":"<p>Hizmetlerimiz Dijital D\u00f6n\u00fc\u015f\u00fcm Hizmetleri Detayl\u0131 bilgi almak i\u00e7in t\u0131klay\u0131n\u0131z. Hizmetlerimiz Dijital Vergilendirme Detayl\u0131 bilgi almak i\u00e7in t\u0131klay\u0131n\u0131z. Hizmetlerimiz Lisans ve \u0130zinler Detayl\u0131 bilgi almak i\u00e7in t\u0131klay\u0131n\u0131z. Hizmetlerimiz Makro \u0130hracat Detayl\u0131 bilgi almak i\u00e7in t\u0131klay\u0131n\u0131z. Hizmetlerimiz Mali M\u00fc\u015favirlik Hizmetleri Detayl\u0131 bilgi almak i\u00e7in t\u0131klay\u0131n\u0131z. Hizmetlerimiz Mikro \u0130hracat Detayl\u0131 bilgi almak i\u00e7in t\u0131klay\u0131n\u0131z. Hizmetlerimiz \u015eirket A\u00e7\u0131l\u0131\u015f\u0131 \u0130\u015flemleri [&hellip;]<\/p>\n","protected":false},"author":1,"featured_media":0,"parent":0,"menu_order":0,"comment_status":"closed","ping_status":"closed","template":"","meta":{"footnotes":""},"class_list":["post-8345","page","type-page","status-publish","hentry"],"_links":{"self":[{"href":"https:\/\/metaforsmmm.com\/en\/wp-json\/wp\/v2\/pages\/8345","targetHints":{"allow":["GET"]}}],"collection":[{"href":"https:\/\/metaforsmmm.com\/en\/wp-json\/wp\/v2\/pages"}],"about":[{"href":"https:\/\/metaforsmmm.com\/en\/wp-json\/wp\/v2\/types\/page"}],"author":[{"embeddable":true,"href":"https:\/\/metaforsmmm.com\/en\/wp-json\/wp\/v2\/users\/1"}],"replies":[{"embeddable":true,"href":"https:\/\/metaforsmmm.com\/en\/wp-json\/wp\/v2\/comments?post=8345"}],"version-history":[{"count":0,"href":"https:\/\/metaforsmmm.com\/en\/wp-json\/wp\/v2\/pages\/8345\/revisions"}],"wp:attachment":[{"href":"https:\/\/metaforsmmm.com\/en\/wp-json\/wp\/v2\/media?parent=8345"}],"curies":[{"name":"wp","href":"https:\/\/api.w.org\/{rel}","templated":true}]}}